{"id":1676,"date":"2021-10-23T14:25:58","date_gmt":"2021-10-23T14:25:58","guid":{"rendered":"https:\/\/hs-mode.be\/produit\/jack-jones-sneaker\/"},"modified":"2021-11-17T19:45:42","modified_gmt":"2021-11-17T19:45:42","slug":"jack-jones-sneaker","status":"publish","type":"product","link":"https:\/\/hs-mode.be\/fr\/produit\/jack-jones-sneaker\/","title":{"rendered":"Jack&amp; Jones Sneaker"},"content":{"rendered":"<ul>\n<li>Faux cuir r\u00e9aliste, doublure en maille respirante, logo signature.<\/li>\n<li>Dessus : 70% toile, 30% polyur\u00e9thane ; int\u00e9rieur : 100% mesh ; semelle int\u00e9rieure : 100% caoutchouc<\/li>\n<li>Ne pas laver<\/li>\n<li><\/li>\n<\/ul>\n","protected":false},"excerpt":{"rendered":"<ul>\n<li>Faux cuir r\u00e9aliste, doublure en maille respirante, logo signature.<\/li>\n<li>Dessus : 70% toile, 30% polyur\u00e9thane ; int\u00e9rieur : 100% mesh ; semelle int\u00e9rieure : 100% caoutchouc<\/li>\n<li>Ne pas laver<\/li>\n<li><\/li>\n<\/ul>\n","protected":false},"featured_media":1017,"template":"","meta":{"_acf_changed":false},"pwb-brand":[114],"product_brand":[],"product_cat":[267],"product_tag":[315,316,144,314,138],"class_list":{"0":"post-1676","1":"product","2":"type-product","3":"status-publish","4":"has-post-thumbnail","6":"pwb-brand-jack-jones","7":"product_cat-schuhe-fr","8":"product_tag-bleu-fonce","9":"product_tag-chaussures","10":"product_tag-jackjones","11":"product_tag-respirante","12":"product_tag-sneaker","14":"first","15":"instock","16":"shipping-taxable","17":"purchasable","18":"product-type-variable","19":"add-to-wishlist-after_add_to_cart"},"acf":[],"yoast_head":"<!-- This site is optimized with the Yoast SEO Premium plugin v18.3 (Yoast SEO v27.3) - https:\/\/yoast.com\/product\/yoast-seo-premium-wordpress\/ -->\n<title>Jack&amp; Jones Sneaker - HS Mode<\/title>\n<meta name=\"robots\" content=\"index, follow, max-snippet:-1, max-image-preview:large, max-video-preview:-1\" \/>\n<link rel=\"canonical\" href=\"https:\/\/hs-mode.be\/fr\/produit\/jack-jones-sneaker\/\" \/>\n<meta property=\"og:locale\" content=\"fr_FR\" \/>\n<meta property=\"og:type\" content=\"article\" \/>\n<meta property=\"og:title\" content=\"Jack&amp; Jones Sneaker\" \/>\n<meta property=\"og:description\" content=\"Faux cuir r\u00e9aliste, doublure en maille respirante, logo signature.  Dessus : 70% toile, 30% polyur\u00e9thane ; int\u00e9rieur : 100% mesh ; semelle int\u00e9rieure : 100% caoutchouc  Ne pas laver\" \/>\n<meta property=\"og:url\" content=\"https:\/\/hs-mode.be\/fr\/produit\/jack-jones-sneaker\/\" \/>\n<meta property=\"og:site_name\" content=\"HS Mode\" \/>\n<meta property=\"article:publisher\" content=\"https:\/\/www.facebook.com\/hsmodefashion\" \/>\n<meta property=\"article:modified_time\" content=\"2021-11-17T19:45:42+00:00\" \/>\n<meta property=\"og:image\" content=\"https:\/\/hs-mode.be\/wp-content\/uploads\/2021\/10\/IMG_6466-scaled.jpg\" \/>\n\t<meta property=\"og:image:width\" content=\"2560\" \/>\n\t<meta property=\"og:image:height\" content=\"2560\" \/>\n\t<meta property=\"og:image:type\" content=\"image\/jpeg\" \/>\n<meta name=\"twitter:card\" content=\"summary_large_image\" \/>\n<meta name=\"twitter:label1\" content=\"Dur\u00e9e de lecture estim\u00e9e\" \/>\n\t<meta name=\"twitter:data1\" content=\"1 minute\" \/>\n<script type=\"application\/ld+json\" class=\"yoast-schema-graph\">{\"@context\":\"https:\\\/\\\/schema.org\",\"@graph\":[{\"@type\":\"WebPage\",\"@id\":\"https:\\\/\\\/hs-mode.be\\\/fr\\\/produit\\\/jack-jones-sneaker\\\/\",\"url\":\"https:\\\/\\\/hs-mode.be\\\/fr\\\/produit\\\/jack-jones-sneaker\\\/\",\"name\":\"Jack&amp; Jones Sneaker - HS Mode\",\"isPartOf\":{\"@id\":\"https:\\\/\\\/hs-mode.be\\\/#website\"},\"primaryImageOfPage\":{\"@id\":\"https:\\\/\\\/hs-mode.be\\\/fr\\\/produit\\\/jack-jones-sneaker\\\/#primaryimage\"},\"image\":{\"@id\":\"https:\\\/\\\/hs-mode.be\\\/fr\\\/produit\\\/jack-jones-sneaker\\\/#primaryimage\"},\"thumbnailUrl\":\"https:\\\/\\\/cdn.shortpixel.ai\\\/spai\\\/q_glossy+ret_img+to_webp\\\/hs-mode.be\\\/wp-content\\\/uploads\\\/2021\\\/10\\\/IMG_6466-scaled.jpg\",\"datePublished\":\"2021-10-23T14:25:58+00:00\",\"dateModified\":\"2021-11-17T19:45:42+00:00\",\"breadcrumb\":{\"@id\":\"https:\\\/\\\/hs-mode.be\\\/fr\\\/produit\\\/jack-jones-sneaker\\\/#breadcrumb\"},\"inLanguage\":\"fr-FR\",\"potentialAction\":[{\"@type\":\"ReadAction\",\"target\":[\"https:\\\/\\\/hs-mode.be\\\/fr\\\/produit\\\/jack-jones-sneaker\\\/\"]}]},{\"@type\":\"ImageObject\",\"inLanguage\":\"fr-FR\",\"@id\":\"https:\\\/\\\/hs-mode.be\\\/fr\\\/produit\\\/jack-jones-sneaker\\\/#primaryimage\",\"url\":\"https:\\\/\\\/cdn.shortpixel.ai\\\/spai\\\/q_glossy+ret_img+to_webp\\\/hs-mode.be\\\/wp-content\\\/uploads\\\/2021\\\/10\\\/IMG_6466-scaled.jpg\",\"contentUrl\":\"https:\\\/\\\/cdn.shortpixel.ai\\\/spai\\\/q_glossy+ret_img+to_webp\\\/hs-mode.be\\\/wp-content\\\/uploads\\\/2021\\\/10\\\/IMG_6466-scaled.jpg\",\"width\":2560,\"height\":2560,\"caption\":\"Jack&Jones Sneaker\"},{\"@type\":\"BreadcrumbList\",\"@id\":\"https:\\\/\\\/hs-mode.be\\\/fr\\\/produit\\\/jack-jones-sneaker\\\/#breadcrumb\",\"itemListElement\":[{\"@type\":\"ListItem\",\"position\":1,\"name\":\"Home\",\"item\":\"https:\\\/\\\/hs-mode.be\\\/fr\\\/home\\\/\"},{\"@type\":\"ListItem\",\"position\":2,\"name\":\"Jack&amp; Jones Sneaker\"}]},{\"@type\":\"WebSite\",\"@id\":\"https:\\\/\\\/hs-mode.be\\\/#website\",\"url\":\"https:\\\/\\\/hs-mode.be\\\/\",\"name\":\"HS Mode\",\"description\":\"Just another WordPress site\",\"publisher\":{\"@id\":\"https:\\\/\\\/hs-mode.be\\\/#organization\"},\"potentialAction\":[{\"@type\":\"SearchAction\",\"target\":{\"@type\":\"EntryPoint\",\"urlTemplate\":\"https:\\\/\\\/hs-mode.be\\\/?s={search_term_string}\"},\"query-input\":{\"@type\":\"PropertyValueSpecification\",\"valueRequired\":true,\"valueName\":\"search_term_string\"}}],\"inLanguage\":\"fr-FR\"},{\"@type\":\"Organization\",\"@id\":\"https:\\\/\\\/hs-mode.be\\\/#organization\",\"name\":\"HS Mode\",\"url\":\"https:\\\/\\\/hs-mode.be\\\/\",\"logo\":{\"@type\":\"ImageObject\",\"inLanguage\":\"fr-FR\",\"@id\":\"https:\\\/\\\/hs-mode.be\\\/#\\\/schema\\\/logo\\\/image\\\/\",\"url\":\"https:\\\/\\\/cdn.shortpixel.ai\\\/spai\\\/q_glossy+ret_img+to_webp\\\/hs-mode.be\\\/wp-content\\\/uploads\\\/2021\\\/12\\\/Foto-84.jpg\",\"contentUrl\":\"https:\\\/\\\/cdn.shortpixel.ai\\\/spai\\\/q_glossy+ret_img+to_webp\\\/hs-mode.be\\\/wp-content\\\/uploads\\\/2021\\\/12\\\/Foto-84.jpg\",\"width\":1920,\"height\":1280,\"caption\":\"HS Mode\"},\"image\":{\"@id\":\"https:\\\/\\\/hs-mode.be\\\/#\\\/schema\\\/logo\\\/image\\\/\"},\"sameAs\":[\"https:\\\/\\\/www.facebook.com\\\/hsmodefashion\",\"https:\\\/\\\/www.instagram.com\\\/hs_mode_fashion\\\/\"]}]}<\/script>\n<!-- \/ Yoast SEO Premium plugin. -->","yoast_head_json":{"title":"Jack&amp; Jones Sneaker - HS Mode","robots":{"index":"index","follow":"follow","max-snippet":"max-snippet:-1","max-image-preview":"max-image-preview:large","max-video-preview":"max-video-preview:-1"},"canonical":"https:\/\/hs-mode.be\/fr\/produit\/jack-jones-sneaker\/","og_locale":"fr_FR","og_type":"article","og_title":"Jack&amp; Jones Sneaker","og_description":"Faux cuir r\u00e9aliste, doublure en maille respirante, logo signature.  Dessus : 70% toile, 30% polyur\u00e9thane ; int\u00e9rieur : 100% mesh ; semelle int\u00e9rieure : 100% caoutchouc  Ne pas laver","og_url":"https:\/\/hs-mode.be\/fr\/produit\/jack-jones-sneaker\/","og_site_name":"HS Mode","article_publisher":"https:\/\/www.facebook.com\/hsmodefashion","article_modified_time":"2021-11-17T19:45:42+00:00","og_image":[{"width":2560,"height":2560,"url":"https:\/\/cdn.shortpixel.ai\/spai\/q_glossy+ret_img+to_webp\/hs-mode.be\/wp-content\/uploads\/2021\/10\/IMG_6466-scaled.jpg","type":"image\/jpeg"}],"twitter_card":"summary_large_image","twitter_misc":{"Dur\u00e9e de lecture estim\u00e9e":"1 minute"},"schema":{"@context":"https:\/\/schema.org","@graph":[{"@type":"WebPage","@id":"https:\/\/hs-mode.be\/fr\/produit\/jack-jones-sneaker\/","url":"https:\/\/hs-mode.be\/fr\/produit\/jack-jones-sneaker\/","name":"Jack&amp; Jones Sneaker - HS Mode","isPartOf":{"@id":"https:\/\/hs-mode.be\/#website"},"primaryImageOfPage":{"@id":"https:\/\/hs-mode.be\/fr\/produit\/jack-jones-sneaker\/#primaryimage"},"image":{"@id":"https:\/\/hs-mode.be\/fr\/produit\/jack-jones-sneaker\/#primaryimage"},"thumbnailUrl":"https:\/\/cdn.shortpixel.ai\/spai\/q_glossy+ret_img+to_webp\/hs-mode.be\/wp-content\/uploads\/2021\/10\/IMG_6466-scaled.jpg","datePublished":"2021-10-23T14:25:58+00:00","dateModified":"2021-11-17T19:45:42+00:00","breadcrumb":{"@id":"https:\/\/hs-mode.be\/fr\/produit\/jack-jones-sneaker\/#breadcrumb"},"inLanguage":"fr-FR","potentialAction":[{"@type":"ReadAction","target":["https:\/\/hs-mode.be\/fr\/produit\/jack-jones-sneaker\/"]}]},{"@type":"ImageObject","inLanguage":"fr-FR","@id":"https:\/\/hs-mode.be\/fr\/produit\/jack-jones-sneaker\/#primaryimage","url":"https:\/\/cdn.shortpixel.ai\/spai\/q_glossy+ret_img+to_webp\/hs-mode.be\/wp-content\/uploads\/2021\/10\/IMG_6466-scaled.jpg","contentUrl":"https:\/\/cdn.shortpixel.ai\/spai\/q_glossy+ret_img+to_webp\/hs-mode.be\/wp-content\/uploads\/2021\/10\/IMG_6466-scaled.jpg","width":2560,"height":2560,"caption":"Jack&Jones Sneaker"},{"@type":"BreadcrumbList","@id":"https:\/\/hs-mode.be\/fr\/produit\/jack-jones-sneaker\/#breadcrumb","itemListElement":[{"@type":"ListItem","position":1,"name":"Home","item":"https:\/\/hs-mode.be\/fr\/home\/"},{"@type":"ListItem","position":2,"name":"Jack&amp; Jones Sneaker"}]},{"@type":"WebSite","@id":"https:\/\/hs-mode.be\/#website","url":"https:\/\/hs-mode.be\/","name":"HS Mode","description":"Just another WordPress site","publisher":{"@id":"https:\/\/hs-mode.be\/#organization"},"potentialAction":[{"@type":"SearchAction","target":{"@type":"EntryPoint","urlTemplate":"https:\/\/hs-mode.be\/?s={search_term_string}"},"query-input":{"@type":"PropertyValueSpecification","valueRequired":true,"valueName":"search_term_string"}}],"inLanguage":"fr-FR"},{"@type":"Organization","@id":"https:\/\/hs-mode.be\/#organization","name":"HS Mode","url":"https:\/\/hs-mode.be\/","logo":{"@type":"ImageObject","inLanguage":"fr-FR","@id":"https:\/\/hs-mode.be\/#\/schema\/logo\/image\/","url":"https:\/\/cdn.shortpixel.ai\/spai\/q_glossy+ret_img+to_webp\/hs-mode.be\/wp-content\/uploads\/2021\/12\/Foto-84.jpg","contentUrl":"https:\/\/cdn.shortpixel.ai\/spai\/q_glossy+ret_img+to_webp\/hs-mode.be\/wp-content\/uploads\/2021\/12\/Foto-84.jpg","width":1920,"height":1280,"caption":"HS Mode"},"image":{"@id":"https:\/\/hs-mode.be\/#\/schema\/logo\/image\/"},"sameAs":["https:\/\/www.facebook.com\/hsmodefashion","https:\/\/www.instagram.com\/hs_mode_fashion\/"]}]}},"brands":[{"id":114,"name":"Jack &amp; Jones","slug":"jack-jones"}],"_links":{"self":[{"href":"https:\/\/hs-mode.be\/fr\/wp-json\/wp\/v2\/product\/1676","targetHints":{"allow":["GET"]}}],"collection":[{"href":"https:\/\/hs-mode.be\/fr\/wp-json\/wp\/v2\/product"}],"about":[{"href":"https:\/\/hs-mode.be\/fr\/wp-json\/wp\/v2\/types\/product"}],"wp:featuredmedia":[{"embeddable":true,"href":"https:\/\/hs-mode.be\/fr\/wp-json\/wp\/v2\/media\/1017"}],"wp:attachment":[{"href":"https:\/\/hs-mode.be\/fr\/wp-json\/wp\/v2\/media?parent=1676"}],"wp:term":[{"taxonomy":"pwb-brand","embeddable":true,"href":"https:\/\/hs-mode.be\/fr\/wp-json\/wp\/v2\/pwb-brand?post=1676"},{"taxonomy":"product_brand","embeddable":true,"href":"https:\/\/hs-mode.be\/fr\/wp-json\/wp\/v2\/product_brand?post=1676"},{"taxonomy":"product_cat","embeddable":true,"href":"https:\/\/hs-mode.be\/fr\/wp-json\/wp\/v2\/product_cat?post=1676"},{"taxonomy":"product_tag","embeddable":true,"href":"https:\/\/hs-mode.be\/fr\/wp-json\/wp\/v2\/product_tag?post=1676"}],"curies":[{"name":"wp","href":"https:\/\/api.w.org\/{rel}","templated":true}]}}